{"id":26625,"date":"2023-05-02T21:10:17","date_gmt":"2023-05-02T21:10:17","guid":{"rendered":"https:\/\/coopemar.co\/home\/?page_id=26625"},"modified":"2023-05-02T21:38:04","modified_gmt":"2023-05-02T21:38:04","slug":"organos-directivos","status":"publish","type":"page","link":"https:\/\/coopemar.co\/?page_id=26625","title":{"rendered":"\u00d3rganos Directivos"},"content":{"rendered":"\t\t<div data-elementor-type=\"wp-page\" data-elementor-id=\"26625\" class=\"elementor elementor-26625\">\n\t\t\t\t\t\t<section class=\"elementor-section elementor-top-section elementor-element elementor-element-c03d391 elementor-section-height-min-height elementor-section-stretched elementor-section-boxed elementor-section-height-default elementor-section-items-middle elementor-invisible\" data-id=\"c03d391\" data-element_type=\"section\" data-settings=\"{&quot;background_background&quot;:&quot;classic&quot;,&quot;animation&quot;:&quot;fadeIn&quot;,&quot;stretch_section&quot;:&quot;section-stretched&quot;}\">\n\t\t\t\t\t\t\t<div class=\"elementor-background-overlay\"><\/div>\n\t\t\t\t\t\t\t<div class=\"elementor-container elementor-column-gap-no\">\n\t\t\t\t\t<div class=\"elementor-column elementor-col-100 elementor-top-column elementor-element elementor-element-dd4383a\" data-id=\"dd4383a\" data-element_type=\"column\">\n\t\t\t<div class=\"elementor-widget-wrap elementor-element-populated\">\n\t\t\t\t\t\t<div class=\"elementor-element elementor-element-19f8360 elementor-widget elementor-widget-heading\" data-id=\"19f8360\" data-element_type=\"widget\" data-widget_type=\"heading.default\">\n\t\t\t\t<div class=\"elementor-widget-container\">\n\t\t\t\t\t<h1 class=\"elementor-heading-title elementor-size-default\">\u00d3rganos Directivos COOPEMAR 2023-2025<\/h1>\t\t\t\t<\/div>\n\t\t\t\t<\/div>\n\t\t\t\t\t<\/div>\n\t\t<\/div>\n\t\t\t\t\t<\/div>\n\t\t<\/section>\n\t\t\t\t<section class=\"elementor-section elementor-top-section elementor-element elementor-element-02c6e4f elementor-section-boxed elementor-section-height-default elementor-section-height-default\" data-id=\"02c6e4f\" data-element_type=\"section\">\n\t\t\t\t\t\t<div class=\"elementor-container elementor-column-gap-default\">\n\t\t\t\t\t<div class=\"elementor-column elementor-col-100 elementor-top-column elementor-element elementor-element-ca7736b\" data-id=\"ca7736b\" data-element_type=\"column\">\n\t\t\t<div class=\"elementor-widget-wrap elementor-element-populated\">\n\t\t\t\t\t\t<div class=\"elementor-element elementor-element-fd706ef elementor-widget elementor-widget-heading\" data-id=\"fd706ef\" data-element_type=\"widget\" data-widget_type=\"heading.default\">\n\t\t\t\t<div class=\"elementor-widget-container\">\n\t\t\t\t\t<h3 class=\"elementor-heading-title elementor-size-default\">Consejo de Administraci\u00f3n<\/h3>\t\t\t\t<\/div>\n\t\t\t\t<\/div>\n\t\t\t\t\t<\/div>\n\t\t<\/div>\n\t\t\t\t\t<\/div>\n\t\t<\/section>\n\t\t\t\t<section class=\"elementor-section elementor-top-section elementor-element elementor-element-152f122 elementor-section-boxed elementor-section-height-default elementor-section-height-default\" data-id=\"152f122\" data-element_type=\"section\">\n\t\t\t\t\t\t<div class=\"elementor-container elementor-column-gap-default\">\n\t\t\t\t\t<div class=\"elementor-column elementor-col-50 elementor-top-column elementor-element elementor-element-b8f9430\" data-id=\"b8f9430\" data-element_type=\"column\">\n\t\t\t<div class=\"elementor-widget-wrap elementor-element-populated\">\n\t\t\t\t\t\t<div class=\"elementor-element elementor-element-6325088 elementor-widget elementor-widget-text-editor\" data-id=\"6325088\" data-element_type=\"widget\" data-widget_type=\"text-editor.default\">\n\t\t\t\t<div class=\"elementor-widget-container\">\n\t\t\t\t\t\t\t\t\t<p><strong>Principales<\/strong><\/p><p>Francisco Jos\u00e9 Salazar Serna\u00a0<\/p><p>Mar\u00eda Celmira Casta\u00f1o Casta\u00f1o<\/p><p>Mar\u00eda Dianel Mej\u00eda Vel\u00e1squez<\/p><p>Nubia Henao Montes<\/p><p>Mery Giraldo Giraldo<\/p>\t\t\t\t\t\t\t\t<\/div>\n\t\t\t\t<\/div>\n\t\t\t\t\t<\/div>\n\t\t<\/div>\n\t\t\t\t<div class=\"elementor-column elementor-col-50 elementor-top-column elementor-element elementor-element-62aad59\" data-id=\"62aad59\" data-element_type=\"column\">\n\t\t\t<div class=\"elementor-widget-wrap elementor-element-populated\">\n\t\t\t\t\t\t<div class=\"elementor-element elementor-element-266565d elementor-widget elementor-widget-text-editor\" data-id=\"266565d\" data-element_type=\"widget\" data-widget_type=\"text-editor.default\">\n\t\t\t\t<div class=\"elementor-widget-container\">\n\t\t\t\t\t\t\t\t\t<p><strong>Principales<\/strong><\/p><p>Orlando Restrepo Zuluaga<\/p><p>Mar\u00eda Elobelia Ocampo Duque\u00a0<\/p><p>Olga Luc\u00eda Serna Carvajal<\/p><p>\u00a0<\/p>\t\t\t\t\t\t\t\t<\/div>\n\t\t\t\t<\/div>\n\t\t\t\t\t<\/div>\n\t\t<\/div>\n\t\t\t\t\t<\/div>\n\t\t<\/section>\n\t\t\t\t<section class=\"elementor-section elementor-top-section elementor-element elementor-element-4609957 elementor-section-boxed elementor-section-height-default elementor-section-height-default\" data-id=\"4609957\" data-element_type=\"section\">\n\t\t\t\t\t\t<div class=\"elementor-container elementor-column-gap-default\">\n\t\t\t\t\t<div class=\"elementor-column elementor-col-100 elementor-top-column elementor-element elementor-element-04eddcc\" data-id=\"04eddcc\" data-element_type=\"column\">\n\t\t\t<div class=\"elementor-widget-wrap elementor-element-populated\">\n\t\t\t\t\t\t<div class=\"elementor-element elementor-element-8f8c7cf elementor-widget elementor-widget-heading\" data-id=\"8f8c7cf\" data-element_type=\"widget\" data-widget_type=\"heading.default\">\n\t\t\t\t<div class=\"elementor-widget-container\">\n\t\t\t\t\t<h3 class=\"elementor-heading-title elementor-size-default\">Junta de Vigilancia<\/h3>\t\t\t\t<\/div>\n\t\t\t\t<\/div>\n\t\t\t\t\t<\/div>\n\t\t<\/div>\n\t\t\t\t\t<\/div>\n\t\t<\/section>\n\t\t\t\t<section class=\"elementor-section elementor-top-section elementor-element elementor-element-b836398 elementor-section-boxed elementor-section-height-default elementor-section-height-default\" data-id=\"b836398\" data-element_type=\"section\">\n\t\t\t\t\t\t<div class=\"elementor-container elementor-column-gap-default\">\n\t\t\t\t\t<div class=\"elementor-column elementor-col-50 elementor-top-column elementor-element elementor-element-cfde5bf\" data-id=\"cfde5bf\" data-element_type=\"column\">\n\t\t\t<div class=\"elementor-widget-wrap elementor-element-populated\">\n\t\t\t\t\t\t<div class=\"elementor-element elementor-element-e16f97f elementor-widget elementor-widget-text-editor\" data-id=\"e16f97f\" data-element_type=\"widget\" data-widget_type=\"text-editor.default\">\n\t\t\t\t<div class=\"elementor-widget-container\">\n\t\t\t\t\t\t\t\t\t<p><strong>Principales<\/strong><\/p><p>Mar\u00eda Imelda Bedoya Mart\u00ednez<\/p><p>D\u00e1maris G\u00f3mez Salazar<\/p><p>Mar\u00eda Andrea Casta\u00f1o Ram\u00edrez<\/p><p>\u00a0<\/p>\t\t\t\t\t\t\t\t<\/div>\n\t\t\t\t<\/div>\n\t\t\t\t\t<\/div>\n\t\t<\/div>\n\t\t\t\t<div class=\"elementor-column elementor-col-50 elementor-top-column elementor-element elementor-element-59d1a25\" data-id=\"59d1a25\" data-element_type=\"column\">\n\t\t\t<div class=\"elementor-widget-wrap elementor-element-populated\">\n\t\t\t\t\t\t<div class=\"elementor-element elementor-element-1f0a79a elementor-widget elementor-widget-text-editor\" data-id=\"1f0a79a\" data-element_type=\"widget\" data-widget_type=\"text-editor.default\">\n\t\t\t\t<div class=\"elementor-widget-container\">\n\t\t\t\t\t\t\t\t\t<p><strong>Suplentes<\/strong><\/p><p>Ana Rita Giraldo garc\u00eda<\/p><p>Francia Elena L\u00f3pez Aristiz\u00e1bal\u00a0<\/p>\t\t\t\t\t\t\t\t<\/div>\n\t\t\t\t<\/div>\n\t\t\t\t\t<\/div>\n\t\t<\/div>\n\t\t\t\t\t<\/div>\n\t\t<\/section>\n\t\t\t\t<section class=\"elementor-section elementor-top-section elementor-element elementor-element-0cc46f1 elementor-section-boxed elementor-section-height-default elementor-section-height-default\" data-id=\"0cc46f1\" data-element_type=\"section\">\n\t\t\t\t\t\t<div class=\"elementor-container elementor-column-gap-default\">\n\t\t\t\t\t<div class=\"elementor-column elementor-col-100 elementor-top-column elementor-element elementor-element-14eb451\" data-id=\"14eb451\" data-element_type=\"column\">\n\t\t\t<div class=\"elementor-widget-wrap elementor-element-populated\">\n\t\t\t\t\t\t<div class=\"elementor-element elementor-element-45be7a2 elementor-widget elementor-widget-heading\" data-id=\"45be7a2\" data-element_type=\"widget\" data-widget_type=\"heading.default\">\n\t\t\t\t<div class=\"elementor-widget-container\">\n\t\t\t\t\t<h3 class=\"elementor-heading-title elementor-size-default\">Comisi\u00f3n Disciplinaria<\/h3>\t\t\t\t<\/div>\n\t\t\t\t<\/div>\n\t\t\t\t\t<\/div>\n\t\t<\/div>\n\t\t\t\t\t<\/div>\n\t\t<\/section>\n\t\t\t\t<section class=\"elementor-section elementor-top-section elementor-element elementor-element-b27314a elementor-section-boxed elementor-section-height-default elementor-section-height-default\" data-id=\"b27314a\" data-element_type=\"section\">\n\t\t\t\t\t\t<div class=\"elementor-container elementor-column-gap-default\">\n\t\t\t\t\t<div class=\"elementor-column elementor-col-50 elementor-top-column elementor-element elementor-element-de54585\" data-id=\"de54585\" data-element_type=\"column\">\n\t\t\t<div class=\"elementor-widget-wrap elementor-element-populated\">\n\t\t\t\t\t\t<div class=\"elementor-element elementor-element-9a62652 elementor-widget elementor-widget-text-editor\" data-id=\"9a62652\" data-element_type=\"widget\" data-widget_type=\"text-editor.default\">\n\t\t\t\t<div class=\"elementor-widget-container\">\n\t\t\t\t\t\t\t\t\t<p><strong>Principales<\/strong><\/p><p>Beatriz Liliana Botero Tamayo<\/p><p>Mar\u00eda del Rosario Nore\u00f1a Tamayo<\/p><p>Beatriz Amparo Casta\u00f1o G\u00f3mez<\/p>\t\t\t\t\t\t\t\t<\/div>\n\t\t\t\t<\/div>\n\t\t\t\t\t<\/div>\n\t\t<\/div>\n\t\t\t\t<div class=\"elementor-column elementor-col-50 elementor-top-column elementor-element elementor-element-b5cfd5b\" data-id=\"b5cfd5b\" data-element_type=\"column\">\n\t\t\t<div class=\"elementor-widget-wrap elementor-element-populated\">\n\t\t\t\t\t\t<div class=\"elementor-element elementor-element-ae0ff1d elementor-widget elementor-widget-text-editor\" data-id=\"ae0ff1d\" data-element_type=\"widget\" data-widget_type=\"text-editor.default\">\n\t\t\t\t<div class=\"elementor-widget-container\">\n\t\t\t\t\t\t\t\t\t<p><strong>Suplentes<\/strong><\/p><p>Luz Clemencia Zuluaga Alzate<\/p><p>Jimmy Alexander Pach\u00f3n G\u00f3mez<\/p><p>Gloria Ruby \u00c1lvarez P\u00e9rez<\/p>\t\t\t\t\t\t\t\t<\/div>\n\t\t\t\t<\/div>\n\t\t\t\t\t<\/div>\n\t\t<\/div>\n\t\t\t\t\t<\/div>\n\t\t<\/section>\n\t\t\t\t<\/div>\n\t\t","protected":false},"excerpt":{"rendered":"<p>\u00d3rganos Directivos COOPEMAR 2023-2025 Consejo de Administraci\u00f3n Principales Francisco Jos\u00e9 Salazar Serna\u00a0 Mar\u00eda Celmira Casta\u00f1o Casta\u00f1o Mar\u00eda Dianel Mej\u00eda Vel\u00e1squez Nubia Henao Montes Mery Giraldo Giraldo Principales Orlando Restrepo Zuluaga Mar\u00eda Elobelia Ocampo Duque\u00a0 Olga Luc\u00eda Serna Carvajal \u00a0 Junta de Vigilancia Principales Mar\u00eda Imelda Bedoya Mart\u00ednez D\u00e1maris G\u00f3mez Salazar Mar\u00eda Andrea Casta\u00f1o Ram\u00edrez \u00a0 [&hellip;]<\/p>\n","protected":false},"author":2,"featured_media":0,"parent":0,"menu_order":0,"comment_status":"closed","ping_status":"closed","template":"","meta":{"_uag_custom_page_level_css":"","site-sidebar-layout":"no-sidebar","site-content-layout":"page-builder","ast-site-content-layout":"","site-content-style":"default","site-sidebar-style":"default","ast-global-header-display":"","ast-banner-title-visibility":"","ast-main-header-display":"","ast-hfb-above-header-display":"","ast-hfb-below-header-display":"","ast-hfb-mobile-header-display":"","site-post-title":"disabled","ast-breadcrumbs-content":"","ast-featured-img":"disabled","footer-sml-layout":"","theme-transparent-header-meta":"default","adv-header-id-meta":"","stick-header-meta":"","header-above-stick-meta":"","header-main-stick-meta":"","header-below-stick-meta":"","astra-migrate-meta-layouts":"default","ast-page-background-enabled":"default","ast-page-background-meta":{"desktop":{"background-color":"","background-image":"","background-repeat":"repeat","background-position":"center center","background-size":"auto","background-attachment":"scroll","background-type":"","background-media":"","overlay-type":"","overlay-color":"","overlay-gradient":""},"tablet":{"background-color":"","background-image":"","background-repeat":"repeat","background-position":"center center","background-size":"auto","background-attachment":"scroll","background-type":"","background-media":"","overlay-type":"","overlay-color":"","overlay-gradient":""},"mobile":{"background-color":"","background-image":"","background-repeat":"repeat","background-position":"center center","background-size":"auto","background-attachment":"scroll","background-type":"","background-media":"","overlay-type":"","overlay-color":"","overlay-gradient":""}},"ast-content-background-meta":{"desktop":{"background-color":"var(--ast-global-color-5)","background-image":"","background-repeat":"repeat","background-position":"center center","background-size":"auto","background-attachment":"scroll","background-type":"","background-media":"","overlay-type":"","overlay-color":"","overlay-gradient":""},"tablet":{"background-color":"var(--ast-global-color-5)","background-image":"","background-repeat":"repeat","background-position":"center center","background-size":"auto","background-attachment":"scroll","background-type":"","background-media":"","overlay-type":"","overlay-color":"","overlay-gradient":""},"mobile":{"background-color":"var(--ast-global-color-5)","background-image":"","background-repeat":"repeat","background-position":"center center","background-size":"auto","background-attachment":"scroll","background-type":"","background-media":"","overlay-type":"","overlay-color":"","overlay-gradient":""}},"_mc_calendar":[],"footnotes":""},"class_list":["post-26625","page","type-page","status-publish","hentry"],"uagb_featured_image_src":{"full":false,"thumbnail":false,"medium":false,"medium_large":false,"large":false,"1536x1536":false,"2048x2048":false},"uagb_author_info":{"display_name":"COOPEMAR LTDA","author_link":"https:\/\/coopemar.co\/?author=2"},"uagb_comment_info":0,"uagb_excerpt":"\u00d3rganos Directivos COOPEMAR 2023-2025 Consejo de Administraci\u00f3n Principales Francisco Jos\u00e9 Salazar Serna\u00a0 Mar\u00eda Celmira Casta\u00f1o Casta\u00f1o Mar\u00eda Dianel Mej\u00eda Vel\u00e1squez Nubia Henao Montes Mery Giraldo Giraldo Principales Orlando Restrepo Zuluaga Mar\u00eda Elobelia Ocampo Duque\u00a0 Olga Luc\u00eda Serna Carvajal \u00a0 Junta de Vigilancia Principales Mar\u00eda Imelda Bedoya Mart\u00ednez D\u00e1maris G\u00f3mez Salazar Mar\u00eda Andrea Casta\u00f1o Ram\u00edrez \u00a0&hellip;","_links":{"self":[{"href":"https:\/\/coopemar.co\/index.php?rest_route=\/wp\/v2\/pages\/26625","targetHints":{"allow":["GET"]}}],"collection":[{"href":"https:\/\/coopemar.co\/index.php?rest_route=\/wp\/v2\/pages"}],"about":[{"href":"https:\/\/coopemar.co\/index.php?rest_route=\/wp\/v2\/types\/page"}],"author":[{"embeddable":true,"href":"https:\/\/coopemar.co\/index.php?rest_route=\/wp\/v2\/users\/2"}],"replies":[{"embeddable":true,"href":"https:\/\/coopemar.co\/index.php?rest_route=%2Fwp%2Fv2%2Fcomments&post=26625"}],"version-history":[{"count":8,"href":"https:\/\/coopemar.co\/index.php?rest_route=\/wp\/v2\/pages\/26625\/revisions"}],"predecessor-version":[{"id":26636,"href":"https:\/\/coopemar.co\/index.php?rest_route=\/wp\/v2\/pages\/26625\/revisions\/26636"}],"wp:attachment":[{"href":"https:\/\/coopemar.co\/index.php?rest_route=%2Fwp%2Fv2%2Fmedia&parent=26625"}],"curies":[{"name":"wp","href":"https:\/\/api.w.org\/{rel}","templated":true}]}}