{"id":26237,"date":"2022-02-22T02:55:07","date_gmt":"2022-02-22T02:55:07","guid":{"rendered":"https:\/\/coopemar.co\/home\/?page_id=26237"},"modified":"2023-05-02T21:55:50","modified_gmt":"2023-05-02T21:55:50","slug":"como-afiliarse","status":"publish","type":"page","link":"https:\/\/coopemar.co\/?page_id=26237","title":{"rendered":"\u00bfC\u00f3mo Afiliarse?"},"content":{"rendered":"\t\t<div data-elementor-type=\"wp-page\" data-elementor-id=\"26237\" class=\"elementor elementor-26237\">\n\t\t\t\t\t\t<section class=\"elementor-section elementor-top-section elementor-element elementor-element-42f29b6 elementor-section-stretched elementor-section-height-min-height elementor-section-boxed elementor-section-height-default elementor-section-items-middle elementor-invisible\" data-id=\"42f29b6\" data-element_type=\"section\" data-settings=\"{&quot;background_background&quot;:&quot;classic&quot;,&quot;stretch_section&quot;:&quot;section-stretched&quot;,&quot;animation&quot;:&quot;fadeIn&quot;}\">\n\t\t\t\t\t\t\t<div class=\"elementor-background-overlay\"><\/div>\n\t\t\t\t\t\t\t<div class=\"elementor-container elementor-column-gap-no\">\n\t\t\t\t\t<div class=\"elementor-column elementor-col-100 elementor-top-column elementor-element elementor-element-7edcb8d\" data-id=\"7edcb8d\" data-element_type=\"column\">\n\t\t\t<div class=\"elementor-widget-wrap elementor-element-populated\">\n\t\t\t\t\t\t<div class=\"elementor-element elementor-element-7dfd4a8 elementor-widget elementor-widget-heading\" data-id=\"7dfd4a8\" data-element_type=\"widget\" data-widget_type=\"heading.default\">\n\t\t\t\t<div class=\"elementor-widget-container\">\n\t\t\t\t\t<h1 class=\"elementor-heading-title elementor-size-default\">Sepa como Afiliarse<\/h1>\t\t\t\t<\/div>\n\t\t\t\t<\/div>\n\t\t\t\t<div class=\"elementor-element elementor-element-f3c0c7e elementor-widget elementor-widget-heading\" data-id=\"f3c0c7e\" data-element_type=\"widget\" data-widget_type=\"heading.default\">\n\t\t\t\t<div class=\"elementor-widget-container\">\n\t\t\t\t\t<p class=\"elementor-heading-title elementor-size-default\">Aqu\u00ed encontrar\u00e1 infomraci\u00f3n detallada sobre el proceso de afiliaci\u00f3n a COOPEMAR.<\/p>\t\t\t\t<\/div>\n\t\t\t\t<\/div>\n\t\t\t\t\t<\/div>\n\t\t<\/div>\n\t\t\t\t\t<\/div>\n\t\t<\/section>\n\t\t\t\t<section class=\"elementor-section elementor-top-section elementor-element elementor-element-c75f46a elementor-section-boxed elementor-section-height-default elementor-section-height-default\" data-id=\"c75f46a\" data-element_type=\"section\">\n\t\t\t\t\t\t<div class=\"elementor-container elementor-column-gap-default\">\n\t\t\t\t\t<div class=\"elementor-column elementor-col-100 elementor-top-column elementor-element elementor-element-1c344fd\" data-id=\"1c344fd\" data-element_type=\"column\">\n\t\t\t<div class=\"elementor-widget-wrap elementor-element-populated\">\n\t\t\t\t\t\t<div class=\"elementor-element elementor-element-dd6aca0 elementor-widget elementor-widget-text-editor\" data-id=\"dd6aca0\" data-element_type=\"widget\" data-widget_type=\"text-editor.default\">\n\t\t\t\t<div class=\"elementor-widget-container\">\n\t\t\t\t\t\t\t\t\t<p>Descargue el siguiente formulario, dilig\u00e9ncielo y pres\u00e9ntelo en las instalaciones de la cooperativa junto a un certificado de ingresos firmado por un contador y fotocopia del documento de identidad.<\/p>\t\t\t\t\t\t\t\t<\/div>\n\t\t\t\t<\/div>\n\t\t\t\t\t<\/div>\n\t\t<\/div>\n\t\t\t\t\t<\/div>\n\t\t<\/section>\n\t\t\t\t<section class=\"elementor-section elementor-top-section elementor-element elementor-element-cb62441 elementor-section-boxed elementor-section-height-default elementor-section-height-default\" data-id=\"cb62441\" data-element_type=\"section\">\n\t\t\t\t\t\t<div class=\"elementor-container elementor-column-gap-default\">\n\t\t\t\t\t<div class=\"elementor-column elementor-col-100 elementor-top-column elementor-element elementor-element-d7b9498\" data-id=\"d7b9498\" data-element_type=\"column\">\n\t\t\t<div class=\"elementor-widget-wrap elementor-element-populated\">\n\t\t\t\t\t\t<div class=\"elementor-element elementor-element-82610ab elementor-widget elementor-widget-button\" data-id=\"82610ab\" data-element_type=\"widget\" data-widget_type=\"button.default\">\n\t\t\t\t<div class=\"elementor-widget-container\">\n\t\t\t\t\t\t\t\t\t<div class=\"elementor-button-wrapper\">\n\t\t\t\t\t<a class=\"elementor-button elementor-button-link elementor-size-sm\" href=\"https:\/\/coopemar.co\/wp-content\/uploads\/2023\/05\/004-FORMATO-VINCULACION-PN.pdf\">\n\t\t\t\t\t\t<span class=\"elementor-button-content-wrapper\">\n\t\t\t\t\t\t\t\t\t<span class=\"elementor-button-text\">DESCARGAR FORMULARIO HACIENDO CLICK AQU\u00cd<\/span>\n\t\t\t\t\t<\/span>\n\t\t\t\t\t<\/a>\n\t\t\t\t<\/div>\n\t\t\t\t\t\t\t\t<\/div>\n\t\t\t\t<\/div>\n\t\t\t\t\t<\/div>\n\t\t<\/div>\n\t\t\t\t\t<\/div>\n\t\t<\/section>\n\t\t\t\t<\/div>\n\t\t","protected":false},"excerpt":{"rendered":"<p>Sepa como Afiliarse Aqu\u00ed encontrar\u00e1 infomraci\u00f3n detallada sobre el proceso de afiliaci\u00f3n a COOPEMAR. Descargue el siguiente formulario, dilig\u00e9ncielo y pres\u00e9ntelo en las instalaciones de la cooperativa junto a un certificado de ingresos firmado por un contador y fotocopia del documento de identidad. DESCARGAR FORMULARIO HACIENDO CLICK AQU\u00cd<\/p>\n","protected":false},"author":11,"featured_media":0,"parent":0,"menu_order":0,"comment_status":"closed","ping_status":"closed","template":"","meta":{"_uag_custom_page_level_css":"","site-sidebar-layout":"no-sidebar","site-content-layout":"page-builder","ast-site-content-layout":"","site-content-style":"default","site-sidebar-style":"default","ast-global-header-display":"","ast-banner-title-visibility":"","ast-main-header-display":"","ast-hfb-above-header-display":"","ast-hfb-below-header-display":"","ast-hfb-mobile-header-display":"","site-post-title":"disabled","ast-breadcrumbs-content":"","ast-featured-img":"disabled","footer-sml-layout":"","theme-transparent-header-meta":"default","adv-header-id-meta":"","stick-header-meta":"","header-above-stick-meta":"","header-main-stick-meta":"","header-below-stick-meta":"","astra-migrate-meta-layouts":"default","ast-page-background-enabled":"default","ast-page-background-meta":{"desktop":{"background-color":"","background-image":"","background-repeat":"repeat","background-position":"center center","background-size":"auto","background-attachment":"scroll","background-type":"","background-media":"","overlay-type":"","overlay-color":"","overlay-gradient":""},"tablet":{"background-color":"","background-image":"","background-repeat":"repeat","background-position":"center center","background-size":"auto","background-attachment":"scroll","background-type":"","background-media":"","overlay-type":"","overlay-color":"","overlay-gradient":""},"mobile":{"background-color":"","background-image":"","background-repeat":"repeat","background-position":"center center","background-size":"auto","background-attachment":"scroll","background-type":"","background-media":"","overlay-type":"","overlay-color":"","overlay-gradient":""}},"ast-content-background-meta":{"desktop":{"background-color":"var(--ast-global-color-5)","background-image":"","background-repeat":"repeat","background-position":"center center","background-size":"auto","background-attachment":"scroll","background-type":"","background-media":"","overlay-type":"","overlay-color":"","overlay-gradient":""},"tablet":{"background-color":"var(--ast-global-color-5)","background-image":"","background-repeat":"repeat","background-position":"center center","background-size":"auto","background-attachment":"scroll","background-type":"","background-media":"","overlay-type":"","overlay-color":"","overlay-gradient":""},"mobile":{"background-color":"var(--ast-global-color-5)","background-image":"","background-repeat":"repeat","background-position":"center center","background-size":"auto","background-attachment":"scroll","background-type":"","background-media":"","overlay-type":"","overlay-color":"","overlay-gradient":""}},"_mc_calendar":[],"footnotes":""},"class_list":["post-26237","page","type-page","status-publish","hentry"],"uagb_featured_image_src":{"full":false,"thumbnail":false,"medium":false,"medium_large":false,"large":false,"1536x1536":false,"2048x2048":false},"uagb_author_info":{"display_name":"Juan Diego Aguirre Hern\u00e1ndez","author_link":"https:\/\/coopemar.co\/?author=11"},"uagb_comment_info":0,"uagb_excerpt":"Sepa como Afiliarse Aqu\u00ed encontrar\u00e1 infomraci\u00f3n detallada sobre el proceso de afiliaci\u00f3n a COOPEMAR. Descargue el siguiente formulario, dilig\u00e9ncielo y pres\u00e9ntelo en las instalaciones de la cooperativa junto a un certificado de ingresos firmado por un contador y fotocopia del documento de identidad. DESCARGAR FORMULARIO HACIENDO CLICK AQU\u00cd","_links":{"self":[{"href":"https:\/\/coopemar.co\/index.php?rest_route=\/wp\/v2\/pages\/26237","targetHints":{"allow":["GET"]}}],"collection":[{"href":"https:\/\/coopemar.co\/index.php?rest_route=\/wp\/v2\/pages"}],"about":[{"href":"https:\/\/coopemar.co\/index.php?rest_route=\/wp\/v2\/types\/page"}],"author":[{"embeddable":true,"href":"https:\/\/coopemar.co\/index.php?rest_route=\/wp\/v2\/users\/11"}],"replies":[{"embeddable":true,"href":"https:\/\/coopemar.co\/index.php?rest_route=%2Fwp%2Fv2%2Fcomments&post=26237"}],"version-history":[{"count":11,"href":"https:\/\/coopemar.co\/index.php?rest_route=\/wp\/v2\/pages\/26237\/revisions"}],"predecessor-version":[{"id":26641,"href":"https:\/\/coopemar.co\/index.php?rest_route=\/wp\/v2\/pages\/26237\/revisions\/26641"}],"wp:attachment":[{"href":"https:\/\/coopemar.co\/index.php?rest_route=%2Fwp%2Fv2%2Fmedia&parent=26237"}],"curies":[{"name":"wp","href":"https:\/\/api.w.org\/{rel}","templated":true}]}}