{"id":26101,"date":"2022-02-21T16:47:12","date_gmt":"2022-02-21T16:47:12","guid":{"rendered":"https:\/\/coopemar.co\/home\/?page_id=26101"},"modified":"2022-02-23T19:25:50","modified_gmt":"2022-02-23T19:25:50","slug":"auxilios","status":"publish","type":"page","link":"https:\/\/coopemar.co\/?page_id=26101","title":{"rendered":"Auxilios"},"content":{"rendered":"\t\t<div data-elementor-type=\"wp-page\" data-elementor-id=\"26101\" class=\"elementor elementor-26101\">\n\t\t\t\t\t\t<section class=\"elementor-section elementor-top-section elementor-element elementor-element-925714c elementor-section-height-min-height elementor-section-boxed elementor-section-height-default elementor-section-items-middle elementor-invisible\" data-id=\"925714c\" data-element_type=\"section\" data-settings=\"{&quot;background_background&quot;:&quot;classic&quot;,&quot;animation&quot;:&quot;fadeIn&quot;}\">\n\t\t\t\t\t\t\t<div class=\"elementor-background-overlay\"><\/div>\n\t\t\t\t\t\t\t<div class=\"elementor-container elementor-column-gap-no\">\n\t\t\t\t\t<div class=\"elementor-column elementor-col-100 elementor-top-column elementor-element elementor-element-1d5369a\" data-id=\"1d5369a\" data-element_type=\"column\">\n\t\t\t<div class=\"elementor-widget-wrap elementor-element-populated\">\n\t\t\t\t\t\t<div class=\"elementor-element elementor-element-4d3e7b8 elementor-widget elementor-widget-heading\" data-id=\"4d3e7b8\" data-element_type=\"widget\" data-widget_type=\"heading.default\">\n\t\t\t\t<div class=\"elementor-widget-container\">\n\t\t\t\t\t<h1 class=\"elementor-heading-title elementor-size-default\">Auxilios<\/h1>\t\t\t\t<\/div>\n\t\t\t\t<\/div>\n\t\t\t\t<div class=\"elementor-element elementor-element-e3c0e36 elementor-widget elementor-widget-heading\" data-id=\"e3c0e36\" data-element_type=\"widget\" data-widget_type=\"heading.default\">\n\t\t\t\t<div class=\"elementor-widget-container\">\n\t\t\t\t\t<p class=\"elementor-heading-title elementor-size-default\">Acceda a los auxilios por calamidad dom\u00e9stica.<\/p>\t\t\t\t<\/div>\n\t\t\t\t<\/div>\n\t\t\t\t\t<\/div>\n\t\t<\/div>\n\t\t\t\t\t<\/div>\n\t\t<\/section>\n\t\t\t\t<section class=\"elementor-section elementor-top-section elementor-element elementor-element-78b2b203 elementor-section-content-middle elementor-section-boxed elementor-section-height-default elementor-section-height-default\" data-id=\"78b2b203\" data-element_type=\"section\">\n\t\t\t\t\t\t<div class=\"elementor-container elementor-column-gap-no\">\n\t\t\t\t\t<div class=\"elementor-column elementor-col-100 elementor-top-column elementor-element elementor-element-5741efa6\" data-id=\"5741efa6\" data-element_type=\"column\">\n\t\t\t<div class=\"elementor-widget-wrap elementor-element-populated\">\n\t\t\t\t\t\t<div class=\"elementor-element elementor-element-639328f1 elementor-widget elementor-widget-toggle\" data-id=\"639328f1\" data-element_type=\"widget\" data-widget_type=\"toggle.default\">\n\t\t\t\t<div class=\"elementor-widget-container\">\n\t\t\t\t\t\t\t<div class=\"elementor-toggle\">\n\t\t\t\t\t\t\t<div class=\"elementor-toggle-item\">\n\t\t\t\t\t<div id=\"elementor-tab-title-1671\" class=\"elementor-tab-title\" data-tab=\"1\" role=\"button\" aria-controls=\"elementor-tab-content-1671\" aria-expanded=\"false\">\n\t\t\t\t\t\t\t\t\t\t\t\t<span class=\"elementor-toggle-icon elementor-toggle-icon-right\" aria-hidden=\"true\">\n\t\t\t\t\t\t\t\t\t\t\t\t\t\t\t<span class=\"elementor-toggle-icon-closed\"><i class=\"fas fa-caret-right\"><\/i><\/span>\n\t\t\t\t\t\t\t\t<span class=\"elementor-toggle-icon-opened\"><i class=\"elementor-toggle-icon-opened fas fa-caret-up\"><\/i><\/span>\n\t\t\t\t\t\t\t\t\t\t\t\t\t<\/span>\n\t\t\t\t\t\t\t\t\t\t\t\t<a class=\"elementor-toggle-title\" tabindex=\"0\">Auxilio Funerario<\/a>\n\t\t\t\t\t<\/div>\n\n\t\t\t\t\t<div id=\"elementor-tab-content-1671\" class=\"elementor-tab-content elementor-clearfix\" data-tab=\"1\" role=\"region\" aria-labelledby=\"elementor-tab-title-1671\"><p><span style=\"color: #808080;\"><strong>Causa: <\/strong>Fallecimiento del asociado | Fallecimiento del c\u00f3nyuge, padres e hijo menor de 25 a\u00f1os.<\/span><\/p><p><span style=\"color: #808080;\"><strong>Cuant\u00eda: <\/strong>Hasta (1) un Salario m\u00ednimo legal mensual vigente.<\/span><\/p><p><span style=\"color: #808080;\"><strong>Beneficiario: <\/strong>C\u00f3nyuge, compa\u00f1era o hijos leg\u00edtimos | El asociado.<\/span><\/p><p><span style=\"color: #808080;\"><strong>Requisitos:<\/strong><\/span><\/p><ol><li><span style=\"color: #808080;\">Solicitud de auxilio.<\/span><\/li><li><span style=\"color: #808080;\">Fotocopia de la cedula de ciudadan\u00eda del fallecido.<\/span><\/li><li><span style=\"color: #808080;\">Certificado de defunci\u00f3n.<\/span><\/li><li><span style=\"color: #808080;\">Registro civil para determinar el parentesco con el asociado.<\/span><\/li><\/ol><\/div>\n\t\t\t\t<\/div>\n\t\t\t\t\t\t\t<div class=\"elementor-toggle-item\">\n\t\t\t\t\t<div id=\"elementor-tab-title-1672\" class=\"elementor-tab-title\" data-tab=\"2\" role=\"button\" aria-controls=\"elementor-tab-content-1672\" aria-expanded=\"false\">\n\t\t\t\t\t\t\t\t\t\t\t\t<span class=\"elementor-toggle-icon elementor-toggle-icon-right\" aria-hidden=\"true\">\n\t\t\t\t\t\t\t\t\t\t\t\t\t\t\t<span class=\"elementor-toggle-icon-closed\"><i class=\"fas fa-caret-right\"><\/i><\/span>\n\t\t\t\t\t\t\t\t<span class=\"elementor-toggle-icon-opened\"><i class=\"elementor-toggle-icon-opened fas fa-caret-up\"><\/i><\/span>\n\t\t\t\t\t\t\t\t\t\t\t\t\t<\/span>\n\t\t\t\t\t\t\t\t\t\t\t\t<a class=\"elementor-toggle-title\" tabindex=\"0\">Auxilio por enfermedad<\/a>\n\t\t\t\t\t<\/div>\n\n\t\t\t\t\t<div id=\"elementor-tab-content-1672\" class=\"elementor-tab-content elementor-clearfix\" data-tab=\"2\" role=\"region\" aria-labelledby=\"elementor-tab-title-1672\"><p><span style=\"color: #808080;\"><strong>Causa: <\/strong>Incapacidad del asociado entre 15 y 30 d\u00edas | Incapacidad del asociado mayor de 31 d\u00edas.<\/span><\/p><p><span style=\"color: #808080;\"><strong>Cuant\u00eda: <\/strong>Hasta el 25% del valor del salario m\u00ednimo legal mensual vigente | Hasta el 50% del valor del salario m\u00ednimo legal mensual vigente.<\/span><\/p><p><span style=\"color: #808080;\"><strong>Beneficiario: <\/strong>El asociado.<\/span><\/p><p><span style=\"color: #808080;\"><strong>Requisitos:<\/strong><\/span><\/p><ol><li><span style=\"color: #808080;\">Solicitud de auxilio.<\/span><\/li><li><span style=\"color: #808080;\">Copia de la Historia Cl\u00ednica.<\/span><\/li><li><span style=\"color: #808080;\">Copia de la incapacidad.<\/span><\/li><\/ol><\/div>\n\t\t\t\t<\/div>\n\t\t\t\t\t\t\t<div class=\"elementor-toggle-item\">\n\t\t\t\t\t<div id=\"elementor-tab-title-1673\" class=\"elementor-tab-title\" data-tab=\"3\" role=\"button\" aria-controls=\"elementor-tab-content-1673\" aria-expanded=\"false\">\n\t\t\t\t\t\t\t\t\t\t\t\t<span class=\"elementor-toggle-icon elementor-toggle-icon-right\" aria-hidden=\"true\">\n\t\t\t\t\t\t\t\t\t\t\t\t\t\t\t<span class=\"elementor-toggle-icon-closed\"><i class=\"fas fa-caret-right\"><\/i><\/span>\n\t\t\t\t\t\t\t\t<span class=\"elementor-toggle-icon-opened\"><i class=\"elementor-toggle-icon-opened fas fa-caret-up\"><\/i><\/span>\n\t\t\t\t\t\t\t\t\t\t\t\t\t<\/span>\n\t\t\t\t\t\t\t\t\t\t\t\t<a class=\"elementor-toggle-title\" tabindex=\"0\">Auxilio por maternidad<\/a>\n\t\t\t\t\t<\/div>\n\n\t\t\t\t\t<div id=\"elementor-tab-content-1673\" class=\"elementor-tab-content elementor-clearfix\" data-tab=\"3\" role=\"region\" aria-labelledby=\"elementor-tab-title-1673\"><p><span style=\"color: #808080;\"><strong>Causa: <\/strong>Maternidad.<\/span><\/p><p><span style=\"color: #808080;\"><strong>Cuant\u00eda: <\/strong>Hasta el 50% del valor del salario m\u00ednimo legal mensual vigente.<\/span><\/p><p><span style=\"color: #808080;\"><strong>Beneficiario: <\/strong>Asociada o esposa del asociado.<\/span><\/p><p><span style=\"color: #808080;\"><strong>Requisitos: <\/strong>Solicitud de auxilio y certificado de nacido vivo o registro civil de nacimiento.<\/span><\/p><\/div>\n\t\t\t\t<\/div>\n\t\t\t\t\t\t\t<div class=\"elementor-toggle-item\">\n\t\t\t\t\t<div id=\"elementor-tab-title-1674\" class=\"elementor-tab-title\" data-tab=\"4\" role=\"button\" aria-controls=\"elementor-tab-content-1674\" aria-expanded=\"false\">\n\t\t\t\t\t\t\t\t\t\t\t\t<span class=\"elementor-toggle-icon elementor-toggle-icon-right\" aria-hidden=\"true\">\n\t\t\t\t\t\t\t\t\t\t\t\t\t\t\t<span class=\"elementor-toggle-icon-closed\"><i class=\"fas fa-caret-right\"><\/i><\/span>\n\t\t\t\t\t\t\t\t<span class=\"elementor-toggle-icon-opened\"><i class=\"elementor-toggle-icon-opened fas fa-caret-up\"><\/i><\/span>\n\t\t\t\t\t\t\t\t\t\t\t\t\t<\/span>\n\t\t\t\t\t\t\t\t\t\t\t\t<a class=\"elementor-toggle-title\" tabindex=\"0\">Auxilio por calamidad dom\u00e9stica<\/a>\n\t\t\t\t\t<\/div>\n\n\t\t\t\t\t<div id=\"elementor-tab-content-1674\" class=\"elementor-tab-content elementor-clearfix\" data-tab=\"4\" role=\"region\" aria-labelledby=\"elementor-tab-title-1674\"><p><span style=\"color: #808080;\"><strong>Causa: <\/strong>Siniestro en vivienda.<\/span><\/p><p><span style=\"color: #808080;\"><strong>Cuant\u00eda: <\/strong>Hasta (2) dos salarios m\u00ednimos legales mensuales vigentes.<\/span><\/p><p><span style=\"color: #808080;\"><strong>Beneficiario: <\/strong>Asociado.<\/span><\/p><p><span style=\"color: #808080;\"><strong>Requisitos: <\/strong>Constancia del hecho ocurrido.<\/span><\/p><\/div>\n\t\t\t\t<\/div>\n\t\t\t\t\t\t\t\t<\/div>\n\t\t\t\t\t\t<\/div>\n\t\t\t\t<\/div>\n\t\t\t\t\t<\/div>\n\t\t<\/div>\n\t\t\t\t\t<\/div>\n\t\t<\/section>\n\t\t\t\t<\/div>\n\t\t","protected":false},"excerpt":{"rendered":"<p>Auxilios Acceda a los auxilios por calamidad dom\u00e9stica. Auxilio Funerario Causa: Fallecimiento del asociado | Fallecimiento del c\u00f3nyuge, padres e hijo menor de 25 a\u00f1os. Cuant\u00eda: Hasta (1) un Salario m\u00ednimo legal mensual vigente. Beneficiario: C\u00f3nyuge, compa\u00f1era o hijos leg\u00edtimos | El asociado. Requisitos: Solicitud de auxilio. Fotocopia de la cedula de ciudadan\u00eda del fallecido. [&hellip;]<\/p>\n","protected":false},"author":11,"featured_media":26117,"parent":0,"menu_order":0,"comment_status":"closed","ping_status":"closed","template":"","meta":{"_uag_custom_page_level_css":"","site-sidebar-layout":"no-sidebar","site-content-layout":"page-builder","ast-site-content-layout":"","site-content-style":"default","site-sidebar-style":"default","ast-global-header-display":"","ast-banner-title-visibility":"","ast-main-header-display":"","ast-hfb-above-header-display":"","ast-hfb-below-header-display":"","ast-hfb-mobile-header-display":"","site-post-title":"disabled","ast-breadcrumbs-content":"","ast-featured-img":"disabled","footer-sml-layout":"","theme-transparent-header-meta":"default","adv-header-id-meta":"","stick-header-meta":"","header-above-stick-meta":"","header-main-stick-meta":"","header-below-stick-meta":"","astra-migrate-meta-layouts":"default","ast-page-background-enabled":"default","ast-page-background-meta":{"desktop":{"background-color":"","background-image":"","background-repeat":"repeat","background-position":"center center","background-size":"auto","background-attachment":"scroll","background-type":"","background-media":"","overlay-type":"","overlay-color":"","overlay-gradient":""},"tablet":{"background-color":"","background-image":"","background-repeat":"repeat","background-position":"center center","background-size":"auto","background-attachment":"scroll","background-type":"","background-media":"","overlay-type":"","overlay-color":"","overlay-gradient":""},"mobile":{"background-color":"","background-image":"","background-repeat":"repeat","background-position":"center center","background-size":"auto","background-attachment":"scroll","background-type":"","background-media":"","overlay-type":"","overlay-color":"","overlay-gradient":""}},"ast-content-background-meta":{"desktop":{"background-color":"var(--ast-global-color-5)","background-image":"","background-repeat":"repeat","background-position":"center center","background-size":"auto","background-attachment":"scroll","background-type":"","background-media":"","overlay-type":"","overlay-color":"","overlay-gradient":""},"tablet":{"background-color":"var(--ast-global-color-5)","background-image":"","background-repeat":"repeat","background-position":"center center","background-size":"auto","background-attachment":"scroll","background-type":"","background-media":"","overlay-type":"","overlay-color":"","overlay-gradient":""},"mobile":{"background-color":"var(--ast-global-color-5)","background-image":"","background-repeat":"repeat","background-position":"center center","background-size":"auto","background-attachment":"scroll","background-type":"","background-media":"","overlay-type":"","overlay-color":"","overlay-gradient":""}},"_mc_calendar":[],"footnotes":""},"class_list":["post-26101","page","type-page","status-publish","has-post-thumbnail","hentry"],"uagb_featured_image_src":{"full":["https:\/\/coopemar.co\/wp-content\/uploads\/2022\/02\/Pregnancyandbodyimage.jpg",946,630,false],"thumbnail":["https:\/\/coopemar.co\/wp-content\/uploads\/2022\/02\/Pregnancyandbodyimage-150x150.jpg",150,150,true],"medium":["https:\/\/coopemar.co\/wp-content\/uploads\/2022\/02\/Pregnancyandbodyimage-300x200.jpg",300,200,true],"medium_large":["https:\/\/coopemar.co\/wp-content\/uploads\/2022\/02\/Pregnancyandbodyimage-768x511.jpg",768,511,true],"large":["https:\/\/coopemar.co\/wp-content\/uploads\/2022\/02\/Pregnancyandbodyimage.jpg",946,630,false],"1536x1536":["https:\/\/coopemar.co\/wp-content\/uploads\/2022\/02\/Pregnancyandbodyimage.jpg",946,630,false],"2048x2048":["https:\/\/coopemar.co\/wp-content\/uploads\/2022\/02\/Pregnancyandbodyimage.jpg",946,630,false]},"uagb_author_info":{"display_name":"Juan Diego Aguirre Hern\u00e1ndez","author_link":"https:\/\/coopemar.co\/?author=11"},"uagb_comment_info":0,"uagb_excerpt":"Auxilios Acceda a los auxilios por calamidad dom\u00e9stica. Auxilio Funerario Causa: Fallecimiento del asociado | Fallecimiento del c\u00f3nyuge, padres e hijo menor de 25 a\u00f1os. Cuant\u00eda: Hasta (1) un Salario m\u00ednimo legal mensual vigente. Beneficiario: C\u00f3nyuge, compa\u00f1era o hijos leg\u00edtimos | El asociado. Requisitos: Solicitud de auxilio. Fotocopia de la cedula de ciudadan\u00eda del fallecido.&hellip;","_links":{"self":[{"href":"https:\/\/coopemar.co\/index.php?rest_route=\/wp\/v2\/pages\/26101","targetHints":{"allow":["GET"]}}],"collection":[{"href":"https:\/\/coopemar.co\/index.php?rest_route=\/wp\/v2\/pages"}],"about":[{"href":"https:\/\/coopemar.co\/index.php?rest_route=\/wp\/v2\/types\/page"}],"author":[{"embeddable":true,"href":"https:\/\/coopemar.co\/index.php?rest_route=\/wp\/v2\/users\/11"}],"replies":[{"embeddable":true,"href":"https:\/\/coopemar.co\/index.php?rest_route=%2Fwp%2Fv2%2Fcomments&post=26101"}],"version-history":[{"count":13,"href":"https:\/\/coopemar.co\/index.php?rest_route=\/wp\/v2\/pages\/26101\/revisions"}],"predecessor-version":[{"id":26369,"href":"https:\/\/coopemar.co\/index.php?rest_route=\/wp\/v2\/pages\/26101\/revisions\/26369"}],"wp:featuredmedia":[{"embeddable":true,"href":"https:\/\/coopemar.co\/index.php?rest_route=\/wp\/v2\/media\/26117"}],"wp:attachment":[{"href":"https:\/\/coopemar.co\/index.php?rest_route=%2Fwp%2Fv2%2Fmedia&parent=26101"}],"curies":[{"name":"wp","href":"https:\/\/api.w.org\/{rel}","templated":true}]}}