{"id":25963,"date":"2022-02-20T22:08:52","date_gmt":"2022-02-20T22:08:52","guid":{"rendered":"https:\/\/coopemar.co\/home\/?page_id=25963"},"modified":"2023-05-02T22:11:44","modified_gmt":"2023-05-02T22:11:44","slug":"creditos","status":"publish","type":"page","link":"https:\/\/coopemar.co\/?page_id=25963","title":{"rendered":"Cr\u00e9ditos"},"content":{"rendered":"\t\t<div data-elementor-type=\"wp-page\" data-elementor-id=\"25963\" class=\"elementor elementor-25963\">\n\t\t\t\t\t\t<section class=\"elementor-section elementor-top-section elementor-element elementor-element-02539ee elementor-section-height-min-height elementor-section-boxed elementor-section-height-default elementor-section-items-middle elementor-invisible\" data-id=\"02539ee\" data-element_type=\"section\" data-settings=\"{&quot;background_background&quot;:&quot;classic&quot;,&quot;animation&quot;:&quot;fadeIn&quot;}\">\n\t\t\t\t\t\t\t<div class=\"elementor-background-overlay\"><\/div>\n\t\t\t\t\t\t\t<div class=\"elementor-container elementor-column-gap-no\">\n\t\t\t\t\t<div class=\"elementor-column elementor-col-100 elementor-top-column elementor-element elementor-element-af6176b\" data-id=\"af6176b\" data-element_type=\"column\">\n\t\t\t<div class=\"elementor-widget-wrap elementor-element-populated\">\n\t\t\t\t\t\t<div class=\"elementor-element elementor-element-ab65ee0 elementor-widget elementor-widget-heading\" data-id=\"ab65ee0\" data-element_type=\"widget\" data-widget_type=\"heading.default\">\n\t\t\t\t<div class=\"elementor-widget-container\">\n\t\t\t\t\t<h1 class=\"elementor-heading-title elementor-size-default\">Cr\u00e9ditos<\/h1>\t\t\t\t<\/div>\n\t\t\t\t<\/div>\n\t\t\t\t<div class=\"elementor-element elementor-element-fc9385f elementor-widget elementor-widget-heading\" data-id=\"fc9385f\" data-element_type=\"widget\" data-widget_type=\"heading.default\">\n\t\t\t\t<div class=\"elementor-widget-container\">\n\t\t\t\t\t<p class=\"elementor-heading-title elementor-size-default\">Consulte la gama de cr\u00e9ditos que ofrece COOPEMAR<\/p>\t\t\t\t<\/div>\n\t\t\t\t<\/div>\n\t\t\t\t\t<\/div>\n\t\t<\/div>\n\t\t\t\t\t<\/div>\n\t\t<\/section>\n\t\t\t\t<section class=\"elementor-section elementor-top-section elementor-element elementor-element-fe1ee82 elementor-section-boxed elementor-section-height-default elementor-section-height-default\" data-id=\"fe1ee82\" data-element_type=\"section\">\n\t\t\t\t\t\t<div class=\"elementor-container elementor-column-gap-default\">\n\t\t\t\t\t<div class=\"elementor-column elementor-col-100 elementor-top-column elementor-element elementor-element-03209be\" data-id=\"03209be\" data-element_type=\"column\">\n\t\t\t<div class=\"elementor-widget-wrap elementor-element-populated\">\n\t\t\t\t\t\t<div class=\"elementor-element elementor-element-e3fff7d elementor-widget elementor-widget-text-editor\" data-id=\"e3fff7d\" data-element_type=\"widget\" data-widget_type=\"text-editor.default\">\n\t\t\t\t<div class=\"elementor-widget-container\">\n\t\t\t\t\t\t\t\t\t<p>COOPEMAR LTDA es una entidad operadora de libranza debidamente registrada en la C\u00e1mara de Comercio de Manizales por Caldas<\/p>\t\t\t\t\t\t\t\t<\/div>\n\t\t\t\t<\/div>\n\t\t\t\t\t<\/div>\n\t\t<\/div>\n\t\t\t\t\t<\/div>\n\t\t<\/section>\n\t\t\t\t<section class=\"elementor-section elementor-top-section elementor-element elementor-element-56b079e5 elementor-section-content-middle elementor-section-boxed elementor-section-height-default elementor-section-height-default\" data-id=\"56b079e5\" data-element_type=\"section\">\n\t\t\t\t\t\t<div class=\"elementor-container elementor-column-gap-no\">\n\t\t\t\t\t<div class=\"elementor-column elementor-col-100 elementor-top-column elementor-element elementor-element-5e55bd3\" data-id=\"5e55bd3\" data-element_type=\"column\">\n\t\t\t<div class=\"elementor-widget-wrap elementor-element-populated\">\n\t\t\t\t\t\t<div class=\"elementor-element elementor-element-2aa29d9d elementor-widget elementor-widget-toggle\" data-id=\"2aa29d9d\" data-element_type=\"widget\" data-widget_type=\"toggle.default\">\n\t\t\t\t<div class=\"elementor-widget-container\">\n\t\t\t\t\t\t\t<div class=\"elementor-toggle\">\n\t\t\t\t\t\t\t<div class=\"elementor-toggle-item\">\n\t\t\t\t\t<div id=\"elementor-tab-title-7151\" class=\"elementor-tab-title\" data-tab=\"1\" role=\"button\" aria-controls=\"elementor-tab-content-7151\" aria-expanded=\"false\">\n\t\t\t\t\t\t\t\t\t\t\t\t<span class=\"elementor-toggle-icon elementor-toggle-icon-right\" aria-hidden=\"true\">\n\t\t\t\t\t\t\t\t\t\t\t\t\t\t\t<span class=\"elementor-toggle-icon-closed\"><i class=\"fas fa-caret-right\"><\/i><\/span>\n\t\t\t\t\t\t\t\t<span class=\"elementor-toggle-icon-opened\"><i class=\"elementor-toggle-icon-opened fas fa-caret-up\"><\/i><\/span>\n\t\t\t\t\t\t\t\t\t\t\t\t\t<\/span>\n\t\t\t\t\t\t\t\t\t\t\t\t<a class=\"elementor-toggle-title\" tabindex=\"0\">Ordinario<\/a>\n\t\t\t\t\t<\/div>\n\n\t\t\t\t\t<div id=\"elementor-tab-content-7151\" class=\"elementor-tab-content elementor-clearfix\" data-tab=\"1\" role=\"region\" aria-labelledby=\"elementor-tab-title-7151\"><p><span style=\"color: #808080;\"><strong>Cuant\u00eda: <\/strong>Hasta (3.5) tres punto cinco veces los aportes.<\/span><\/p><p><span style=\"color: #808080;\"><strong>Plazo: <\/strong>M\u00e1ximo 84 meses.<\/span><\/p><p><span style=\"color: #808080;\"><strong>Amortizaci\u00f3n e Inter\u00e9s: <\/strong>Mensual por n\u00f3mina. <strong>1.3% MENSUAL\u00a0<\/strong><\/span><\/p><p><span style=\"color: #808080;\"><strong>Requisitos: <\/strong>Solicitud, Libranza y pagar\u00e9 con deudor solidario.<\/span><\/p><\/div>\n\t\t\t\t<\/div>\n\t\t\t\t\t\t\t<div class=\"elementor-toggle-item\">\n\t\t\t\t\t<div id=\"elementor-tab-title-7152\" class=\"elementor-tab-title\" data-tab=\"2\" role=\"button\" aria-controls=\"elementor-tab-content-7152\" aria-expanded=\"false\">\n\t\t\t\t\t\t\t\t\t\t\t\t<span class=\"elementor-toggle-icon elementor-toggle-icon-right\" aria-hidden=\"true\">\n\t\t\t\t\t\t\t\t\t\t\t\t\t\t\t<span class=\"elementor-toggle-icon-closed\"><i class=\"fas fa-caret-right\"><\/i><\/span>\n\t\t\t\t\t\t\t\t<span class=\"elementor-toggle-icon-opened\"><i class=\"elementor-toggle-icon-opened fas fa-caret-up\"><\/i><\/span>\n\t\t\t\t\t\t\t\t\t\t\t\t\t<\/span>\n\t\t\t\t\t\t\t\t\t\t\t\t<a class=\"elementor-toggle-title\" tabindex=\"0\">Transitorio<\/a>\n\t\t\t\t\t<\/div>\n\n\t\t\t\t\t<div id=\"elementor-tab-content-7152\" class=\"elementor-tab-content elementor-clearfix\" data-tab=\"2\" role=\"region\" aria-labelledby=\"elementor-tab-title-7152\"><p><span style=\"color: #808080;\"><strong>Cuant\u00eda: <\/strong>Hasta tres salarios M\u00ednimos Legales Mensuales Vigentes<\/span><\/p><p><span style=\"color: #808080;\"><strong>Plazo: <\/strong>8 meses.<\/span><\/p><p><span style=\"color: #808080;\"><strong>Amortizaci\u00f3n e Inter\u00e9s: <\/strong>Mensual o un solo pago. <strong>1.3% MENSUAL<\/strong><\/span><\/p><p><span style=\"color: #808080;\"><strong>Requisitos:<\/strong> Solicitud y letra. Deudor Solidario<\/span><\/p><\/div>\n\t\t\t\t<\/div>\n\t\t\t\t\t\t\t<div class=\"elementor-toggle-item\">\n\t\t\t\t\t<div id=\"elementor-tab-title-7153\" class=\"elementor-tab-title\" data-tab=\"3\" role=\"button\" aria-controls=\"elementor-tab-content-7153\" aria-expanded=\"false\">\n\t\t\t\t\t\t\t\t\t\t\t\t<span class=\"elementor-toggle-icon elementor-toggle-icon-right\" aria-hidden=\"true\">\n\t\t\t\t\t\t\t\t\t\t\t\t\t\t\t<span class=\"elementor-toggle-icon-closed\"><i class=\"fas fa-caret-right\"><\/i><\/span>\n\t\t\t\t\t\t\t\t<span class=\"elementor-toggle-icon-opened\"><i class=\"elementor-toggle-icon-opened fas fa-caret-up\"><\/i><\/span>\n\t\t\t\t\t\t\t\t\t\t\t\t\t<\/span>\n\t\t\t\t\t\t\t\t\t\t\t\t<a class=\"elementor-toggle-title\" tabindex=\"0\">Educativo <\/a>\n\t\t\t\t\t<\/div>\n\n\t\t\t\t\t<div id=\"elementor-tab-content-7153\" class=\"elementor-tab-content elementor-clearfix\" data-tab=\"3\" role=\"region\" aria-labelledby=\"elementor-tab-title-7153\"><p><span style=\"color: #808080;\"><strong>Cuant\u00eda: <\/strong>Valor de la matr\u00edcula.<\/span><\/p><p><span style=\"color: #808080;\"><strong>Plazo: <\/strong>Duraci\u00f3n del per\u00edodo acad\u00e9mico.<\/span><\/p><p><span style=\"color: #808080;\"><strong>Amortizaci\u00f3n e Inter\u00e9s: <\/strong>Amortizaci\u00f3n Mensual \u00f3 un solo pago al finalizar el per\u00edodo acad\u00e9mico. <strong>1.1% MENSUAL<\/strong><\/span><\/p><p><span style=\"color: #808080;\"><strong>Requisitos:<\/strong> Solicitud y letra. Deudor Solidario<\/span><\/p><\/div>\n\t\t\t\t<\/div>\n\t\t\t\t\t\t\t<div class=\"elementor-toggle-item\">\n\t\t\t\t\t<div id=\"elementor-tab-title-7154\" class=\"elementor-tab-title\" data-tab=\"4\" role=\"button\" aria-controls=\"elementor-tab-content-7154\" aria-expanded=\"false\">\n\t\t\t\t\t\t\t\t\t\t\t\t<span class=\"elementor-toggle-icon elementor-toggle-icon-right\" aria-hidden=\"true\">\n\t\t\t\t\t\t\t\t\t\t\t\t\t\t\t<span class=\"elementor-toggle-icon-closed\"><i class=\"fas fa-caret-right\"><\/i><\/span>\n\t\t\t\t\t\t\t\t<span class=\"elementor-toggle-icon-opened\"><i class=\"elementor-toggle-icon-opened fas fa-caret-up\"><\/i><\/span>\n\t\t\t\t\t\t\t\t\t\t\t\t\t<\/span>\n\t\t\t\t\t\t\t\t\t\t\t\t<a class=\"elementor-toggle-title\" tabindex=\"0\">Extraordinario Calamidad Dom\u00e9stica<\/a>\n\t\t\t\t\t<\/div>\n\n\t\t\t\t\t<div id=\"elementor-tab-content-7154\" class=\"elementor-tab-content elementor-clearfix\" data-tab=\"4\" role=\"region\" aria-labelledby=\"elementor-tab-title-7154\"><p><span style=\"color: #808080;\"><strong>Cuant\u00eda: <\/strong>Hasta (4) cuatro <strong>Salario M\u00ednimos legales Mensuales Vigentes<\/strong><\/span><\/p><p><span style=\"color: #808080;\"><strong>Plazo: <\/strong>24 meses.<\/span><\/p><p><span style=\"color: #808080;\"><strong>Amortizaci\u00f3n e Inter\u00e9s: <\/strong>Mensual. <strong>SIN INTERES<\/strong><strong> MENSUAL.<\/strong><\/span><\/p><p><span style=\"color: #808080;\"><strong>Requisitos:<\/strong> Solicitud, pagar\u00e9 con deudor solidario y presentaci\u00f3n del certificado de la calamidad.<\/span><\/p><\/div>\n\t\t\t\t<\/div>\n\t\t\t\t\t\t\t<div class=\"elementor-toggle-item\">\n\t\t\t\t\t<div id=\"elementor-tab-title-7155\" class=\"elementor-tab-title\" data-tab=\"5\" role=\"button\" aria-controls=\"elementor-tab-content-7155\" aria-expanded=\"false\">\n\t\t\t\t\t\t\t\t\t\t\t\t<span class=\"elementor-toggle-icon elementor-toggle-icon-right\" aria-hidden=\"true\">\n\t\t\t\t\t\t\t\t\t\t\t\t\t\t\t<span class=\"elementor-toggle-icon-closed\"><i class=\"fas fa-caret-right\"><\/i><\/span>\n\t\t\t\t\t\t\t\t<span class=\"elementor-toggle-icon-opened\"><i class=\"elementor-toggle-icon-opened fas fa-caret-up\"><\/i><\/span>\n\t\t\t\t\t\t\t\t\t\t\t\t\t<\/span>\n\t\t\t\t\t\t\t\t\t\t\t\t<a class=\"elementor-toggle-title\" tabindex=\"0\">Cr\u00e9dito para canasta Familar<\/a>\n\t\t\t\t\t<\/div>\n\n\t\t\t\t\t<div id=\"elementor-tab-content-7155\" class=\"elementor-tab-content elementor-clearfix\" data-tab=\"5\" role=\"region\" aria-labelledby=\"elementor-tab-title-7155\"><p><span style=\"color: #808080;\"><strong>Cuant\u00eda: <\/strong>Hasta la suma de<strong> (500) quinientos\u00a0 mil pesos <\/strong><\/span><\/p><p><span style=\"color: #808080;\"><strong>Plazo: <\/strong>De (1) un mes.<\/span><\/p><p><span style=\"color: #808080;\"><strong>Amortizaci\u00f3n e Inter\u00e9s: <\/strong>Un solo pago. <strong>1.2% MENSUAL.<\/strong><\/span><\/p><p><span style=\"color: #808080;\"><strong>Requisitos:<\/strong> Solicitud pignoraci\u00f3n, \u00a0letra y codeudor<\/span><\/p><\/div>\n\t\t\t\t<\/div>\n\t\t\t\t\t\t\t<div class=\"elementor-toggle-item\">\n\t\t\t\t\t<div id=\"elementor-tab-title-7156\" class=\"elementor-tab-title\" data-tab=\"6\" role=\"button\" aria-controls=\"elementor-tab-content-7156\" aria-expanded=\"false\">\n\t\t\t\t\t\t\t\t\t\t\t\t<span class=\"elementor-toggle-icon elementor-toggle-icon-right\" aria-hidden=\"true\">\n\t\t\t\t\t\t\t\t\t\t\t\t\t\t\t<span class=\"elementor-toggle-icon-closed\"><i class=\"fas fa-caret-right\"><\/i><\/span>\n\t\t\t\t\t\t\t\t<span class=\"elementor-toggle-icon-opened\"><i class=\"elementor-toggle-icon-opened fas fa-caret-up\"><\/i><\/span>\n\t\t\t\t\t\t\t\t\t\t\t\t\t<\/span>\n\t\t\t\t\t\t\t\t\t\t\t\t<a class=\"elementor-toggle-title\" tabindex=\"0\">Cr\u00e9dito para compra de lentes<\/a>\n\t\t\t\t\t<\/div>\n\n\t\t\t\t\t<div id=\"elementor-tab-content-7156\" class=\"elementor-tab-content elementor-clearfix\" data-tab=\"6\" role=\"region\" aria-labelledby=\"elementor-tab-title-7156\"><p><span style=\"color: #808080;\"><strong>Cuant\u00eda: <\/strong>Hasta el valor del servicio.<\/span><\/p><p><span style=\"color: #808080;\"><strong>Plazo: <\/strong>De 12 meses.<\/span><\/p><p><span style=\"color: #808080;\"><strong>Amortizaci\u00f3n e Inter\u00e9s: <\/strong>Cuotas mensuales o un solo pago. <strong>1.2% mensual.<\/strong><\/span><\/p><p><span style=\"color: #808080;\"><strong>Requisitos: <\/strong>Solicitud, Cotizaci\u00f3n, Solicitud de autorizaci\u00f3n letra y codeudor.<\/span><\/p><\/div>\n\t\t\t\t<\/div>\n\t\t\t\t\t\t\t<div class=\"elementor-toggle-item\">\n\t\t\t\t\t<div id=\"elementor-tab-title-7157\" class=\"elementor-tab-title\" data-tab=\"7\" role=\"button\" aria-controls=\"elementor-tab-content-7157\" aria-expanded=\"false\">\n\t\t\t\t\t\t\t\t\t\t\t\t<span class=\"elementor-toggle-icon elementor-toggle-icon-right\" aria-hidden=\"true\">\n\t\t\t\t\t\t\t\t\t\t\t\t\t\t\t<span class=\"elementor-toggle-icon-closed\"><i class=\"fas fa-caret-right\"><\/i><\/span>\n\t\t\t\t\t\t\t\t<span class=\"elementor-toggle-icon-opened\"><i class=\"elementor-toggle-icon-opened fas fa-caret-up\"><\/i><\/span>\n\t\t\t\t\t\t\t\t\t\t\t\t\t<\/span>\n\t\t\t\t\t\t\t\t\t\t\t\t<a class=\"elementor-toggle-title\" tabindex=\"0\">Cr\u00e9dito para compra de computadores, electrodom\u00e9sticos y motocicletas<\/a>\n\t\t\t\t\t<\/div>\n\n\t\t\t\t\t<div id=\"elementor-tab-content-7157\" class=\"elementor-tab-content elementor-clearfix\" data-tab=\"7\" role=\"region\" aria-labelledby=\"elementor-tab-title-7157\"><p><span style=\"color: #808080;\"><strong>Cuant\u00eda: <\/strong>Hasta 3 salarios m\u00ednimos legales vigentes.<\/span><\/p><p><span style=\"color: #808080;\"><strong>Plazo: <\/strong>Hasta (24) veinticuatro meses.<\/span><\/p><p><span style=\"color: #808080;\"><strong>Amortizaci\u00f3n e Inter\u00e9s: <\/strong>Mensual. <strong>1.3% MENSUAL.<\/strong><\/span><\/p><p><span style=\"color: #808080;\"><strong>Requisitos:<\/strong> Solicitud, pagar\u00e9 con deudor solidario y presentaci\u00f3n del certificado del valor del articulo por parte del proveedor.<\/span><\/p><\/div>\n\t\t\t\t<\/div>\n\t\t\t\t\t\t\t<div class=\"elementor-toggle-item\">\n\t\t\t\t\t<div id=\"elementor-tab-title-7158\" class=\"elementor-tab-title\" data-tab=\"8\" role=\"button\" aria-controls=\"elementor-tab-content-7158\" aria-expanded=\"false\">\n\t\t\t\t\t\t\t\t\t\t\t\t<span class=\"elementor-toggle-icon elementor-toggle-icon-right\" aria-hidden=\"true\">\n\t\t\t\t\t\t\t\t\t\t\t\t\t\t\t<span class=\"elementor-toggle-icon-closed\"><i class=\"fas fa-caret-right\"><\/i><\/span>\n\t\t\t\t\t\t\t\t<span class=\"elementor-toggle-icon-opened\"><i class=\"elementor-toggle-icon-opened fas fa-caret-up\"><\/i><\/span>\n\t\t\t\t\t\t\t\t\t\t\t\t\t<\/span>\n\t\t\t\t\t\t\t\t\t\t\t\t<a class=\"elementor-toggle-title\" tabindex=\"0\">Cr\u00e9dito Rotativo<\/a>\n\t\t\t\t\t<\/div>\n\n\t\t\t\t\t<div id=\"elementor-tab-content-7158\" class=\"elementor-tab-content elementor-clearfix\" data-tab=\"8\" role=\"region\" aria-labelledby=\"elementor-tab-title-7158\"><p><span style=\"color: #808080;\"><strong>Cuant\u00eda: <\/strong>Hasta el valor del sueldo de cada asociado base de aporte, m\u00ednimo 1 SLMMV y m\u00e1ximo hasta 5 SLMMV.<\/span><\/p><p><span style=\"color: #808080;\"><strong>Plazo: <\/strong>Hasta 24 meses.<\/span><\/p><p><span style=\"color: #808080;\"><strong>Amortizaci\u00f3n e Inter\u00e9s: <\/strong>Mensual o un solo pago. <strong>1.1% MENSUAL.<\/strong><\/span><\/p><p><span style=\"color: #808080;\"><strong>Requisitos: <\/strong>Deudor solidario y letra.<\/span><\/p><\/div>\n\t\t\t\t<\/div>\n\t\t\t\t\t\t\t<div class=\"elementor-toggle-item\">\n\t\t\t\t\t<div id=\"elementor-tab-title-7159\" class=\"elementor-tab-title\" data-tab=\"9\" role=\"button\" aria-controls=\"elementor-tab-content-7159\" aria-expanded=\"false\">\n\t\t\t\t\t\t\t\t\t\t\t\t<span class=\"elementor-toggle-icon elementor-toggle-icon-right\" aria-hidden=\"true\">\n\t\t\t\t\t\t\t\t\t\t\t\t\t\t\t<span class=\"elementor-toggle-icon-closed\"><i class=\"fas fa-caret-right\"><\/i><\/span>\n\t\t\t\t\t\t\t\t<span class=\"elementor-toggle-icon-opened\"><i class=\"elementor-toggle-icon-opened fas fa-caret-up\"><\/i><\/span>\n\t\t\t\t\t\t\t\t\t\t\t\t\t<\/span>\n\t\t\t\t\t\t\t\t\t\t\t\t<a class=\"elementor-toggle-title\" tabindex=\"0\">Cr\u00e9dito Especial<\/a>\n\t\t\t\t\t<\/div>\n\n\t\t\t\t\t<div id=\"elementor-tab-content-7159\" class=\"elementor-tab-content elementor-clearfix\" data-tab=\"9\" role=\"region\" aria-labelledby=\"elementor-tab-title-7159\"><p><span style=\"color: #808080;\"><strong>Cuant\u00eda:<\/strong> Son aquellos que son aprobados por el Consejo de Administraci\u00f3n.<\/span><\/p><p><span style=\"color: #808080;\"><strong>Plazo: <\/strong>M\u00e1ximo hasta 96 meses.<\/span><\/p><p><span style=\"color: #808080;\"><strong>Amortizaci\u00f3n e Inter\u00e9s: <\/strong>Mensual.<\/span><\/p><p><span style=\"color: #808080;\"><strong>Requisitos:<\/strong> Son pr\u00e9stamos con requerimientos especiales y dados a conocer a los asociados por medio de circulares.<\/span><\/p><\/div>\n\t\t\t\t<\/div>\n\t\t\t\t\t\t\t<div class=\"elementor-toggle-item\">\n\t\t\t\t\t<div id=\"elementor-tab-title-71510\" class=\"elementor-tab-title\" data-tab=\"10\" role=\"button\" aria-controls=\"elementor-tab-content-71510\" aria-expanded=\"false\">\n\t\t\t\t\t\t\t\t\t\t\t\t<span class=\"elementor-toggle-icon elementor-toggle-icon-right\" aria-hidden=\"true\">\n\t\t\t\t\t\t\t\t\t\t\t\t\t\t\t<span class=\"elementor-toggle-icon-closed\"><i class=\"fas fa-caret-right\"><\/i><\/span>\n\t\t\t\t\t\t\t\t<span class=\"elementor-toggle-icon-opened\"><i class=\"elementor-toggle-icon-opened fas fa-caret-up\"><\/i><\/span>\n\t\t\t\t\t\t\t\t\t\t\t\t\t<\/span>\n\t\t\t\t\t\t\t\t\t\t\t\t<a class=\"elementor-toggle-title\" tabindex=\"0\">Cr\u00e9dito de recreaci\u00f3n<\/a>\n\t\t\t\t\t<\/div>\n\n\t\t\t\t\t<div id=\"elementor-tab-content-71510\" class=\"elementor-tab-content elementor-clearfix\" data-tab=\"10\" role=\"region\" aria-labelledby=\"elementor-tab-title-71510\"><p><span style=\"color: #808080;\"><strong>Cuant\u00eda: <\/strong>Hasta 5 salarios m\u00ednimos legales vigentes.<\/span><\/p><p><span style=\"color: #808080;\"><strong>Plazo: <\/strong>Hasta 48 meses.<\/span><\/p><p><span style=\"color: #808080;\"><strong>Amortizaci\u00f3n e Inter\u00e9s: <\/strong>Mensual. <strong>1.1% MENSUAL.<\/strong><\/span><\/p><p><span style=\"color: #808080;\"><strong>Requisitos: <\/strong>Para pr\u00e9stamos organizados por la cooperativa\u00a0 o agencias de viaje avalados por la cooperativa. Deudor solidario y letra.<\/span><\/p><\/div>\n\t\t\t\t<\/div>\n\t\t\t\t\t\t\t<div class=\"elementor-toggle-item\">\n\t\t\t\t\t<div id=\"elementor-tab-title-71511\" class=\"elementor-tab-title\" data-tab=\"11\" role=\"button\" aria-controls=\"elementor-tab-content-71511\" aria-expanded=\"false\">\n\t\t\t\t\t\t\t\t\t\t\t\t<span class=\"elementor-toggle-icon elementor-toggle-icon-right\" aria-hidden=\"true\">\n\t\t\t\t\t\t\t\t\t\t\t\t\t\t\t<span class=\"elementor-toggle-icon-closed\"><i class=\"fas fa-caret-right\"><\/i><\/span>\n\t\t\t\t\t\t\t\t<span class=\"elementor-toggle-icon-opened\"><i class=\"elementor-toggle-icon-opened fas fa-caret-up\"><\/i><\/span>\n\t\t\t\t\t\t\t\t\t\t\t\t\t<\/span>\n\t\t\t\t\t\t\t\t\t\t\t\t<a class=\"elementor-toggle-title\" tabindex=\"0\">Cr\u00e9dito para compra de motocicleta<\/a>\n\t\t\t\t\t<\/div>\n\n\t\t\t\t\t<div id=\"elementor-tab-content-71511\" class=\"elementor-tab-content elementor-clearfix\" data-tab=\"11\" role=\"region\" aria-labelledby=\"elementor-tab-title-71511\"><p><span style=\"color: #808080;\"><strong>Cuant\u00eda: <\/strong>Hasta 6 salarios m\u00ednimos legales vigentes.<\/span><\/p><p><span style=\"color: #808080;\"><strong>Plazo: <\/strong>Hasta (36) veinticuatro meses.<\/span><\/p><p><span style=\"color: #808080;\"><strong>Amortizaci\u00f3n e Inter\u00e9s: <\/strong>Mensual. <strong>1.3% MENSUAL.<\/strong><\/span><\/p><p><span style=\"color: #808080;\"><strong>Requisitos:<\/strong> Solicitud, pagar\u00e9 con deudor solidario y presentaci\u00f3n del certificado del valor del articulo por parte del proveedor.<\/span><\/p><\/div>\n\t\t\t\t<\/div>\n\t\t\t\t\t\t\t\t<\/div>\n\t\t\t\t\t\t<\/div>\n\t\t\t\t<\/div>\n\t\t\t\t\t<\/div>\n\t\t<\/div>\n\t\t\t\t\t<\/div>\n\t\t<\/section>\n\t\t\t\t<\/div>\n\t\t","protected":false},"excerpt":{"rendered":"<p>Cr\u00e9ditos Consulte la gama de cr\u00e9ditos que ofrece COOPEMAR COOPEMAR LTDA es una entidad operadora de libranza debidamente registrada en la C\u00e1mara de Comercio de Manizales por Caldas Ordinario Cuant\u00eda: Hasta (3.5) tres punto cinco veces los aportes. Plazo: M\u00e1ximo 84 meses. Amortizaci\u00f3n e Inter\u00e9s: Mensual por n\u00f3mina. 1.3% MENSUAL\u00a0 Requisitos: Solicitud, Libranza y pagar\u00e9 [&hellip;]<\/p>\n","protected":false},"author":11,"featured_media":26112,"parent":0,"menu_order":0,"comment_status":"closed","ping_status":"closed","template":"","meta":{"_uag_custom_page_level_css":"","site-sidebar-layout":"no-sidebar","site-content-layout":"page-builder","ast-site-content-layout":"","site-content-style":"default","site-sidebar-style":"default","ast-global-header-display":"","ast-banner-title-visibility":"","ast-main-header-display":"","ast-hfb-above-header-display":"","ast-hfb-below-header-display":"","ast-hfb-mobile-header-display":"","site-post-title":"disabled","ast-breadcrumbs-content":"","ast-featured-img":"disabled","footer-sml-layout":"","theme-transparent-header-meta":"default","adv-header-id-meta":"","stick-header-meta":"","header-above-stick-meta":"","header-main-stick-meta":"","header-below-stick-meta":"","astra-migrate-meta-layouts":"default","ast-page-background-enabled":"default","ast-page-background-meta":{"desktop":{"background-color":"","background-image":"","background-repeat":"repeat","background-position":"center center","background-size":"auto","background-attachment":"scroll","background-type":"","background-media":"","overlay-type":"","overlay-color":"","overlay-gradient":""},"tablet":{"background-color":"","background-image":"","background-repeat":"repeat","background-position":"center center","background-size":"auto","background-attachment":"scroll","background-type":"","background-media":"","overlay-type":"","overlay-color":"","overlay-gradient":""},"mobile":{"background-color":"","background-image":"","background-repeat":"repeat","background-position":"center center","background-size":"auto","background-attachment":"scroll","background-type":"","background-media":"","overlay-type":"","overlay-color":"","overlay-gradient":""}},"ast-content-background-meta":{"desktop":{"background-color":"var(--ast-global-color-5)","background-image":"","background-repeat":"repeat","background-position":"center center","background-size":"auto","background-attachment":"scroll","background-type":"","background-media":"","overlay-type":"","overlay-color":"","overlay-gradient":""},"tablet":{"background-color":"var(--ast-global-color-5)","background-image":"","background-repeat":"repeat","background-position":"center center","background-size":"auto","background-attachment":"scroll","background-type":"","background-media":"","overlay-type":"","overlay-color":"","overlay-gradient":""},"mobile":{"background-color":"var(--ast-global-color-5)","background-image":"","background-repeat":"repeat","background-position":"center center","background-size":"auto","background-attachment":"scroll","background-type":"","background-media":"","overlay-type":"","overlay-color":"","overlay-gradient":""}},"_mc_calendar":[],"footnotes":""},"class_list":["post-25963","page","type-page","status-publish","has-post-thumbnail","hentry"],"uagb_featured_image_src":{"full":["https:\/\/coopemar.co\/wp-content\/uploads\/2022\/02\/clock-money-growth-2696234.jpg",1280,819,false],"thumbnail":["https:\/\/coopemar.co\/wp-content\/uploads\/2022\/02\/clock-money-growth-2696234-150x150.jpg",150,150,true],"medium":["https:\/\/coopemar.co\/wp-content\/uploads\/2022\/02\/clock-money-growth-2696234-300x192.jpg",300,192,true],"medium_large":["https:\/\/coopemar.co\/wp-content\/uploads\/2022\/02\/clock-money-growth-2696234-768x491.jpg",768,491,true],"large":["https:\/\/coopemar.co\/wp-content\/uploads\/2022\/02\/clock-money-growth-2696234-1024x655.jpg",1024,655,true],"1536x1536":["https:\/\/coopemar.co\/wp-content\/uploads\/2022\/02\/clock-money-growth-2696234.jpg",1280,819,false],"2048x2048":["https:\/\/coopemar.co\/wp-content\/uploads\/2022\/02\/clock-money-growth-2696234.jpg",1280,819,false]},"uagb_author_info":{"display_name":"Juan Diego Aguirre Hern\u00e1ndez","author_link":"https:\/\/coopemar.co\/?author=11"},"uagb_comment_info":0,"uagb_excerpt":"Cr\u00e9ditos Consulte la gama de cr\u00e9ditos que ofrece COOPEMAR COOPEMAR LTDA es una entidad operadora de libranza debidamente registrada en la C\u00e1mara de Comercio de Manizales por Caldas Ordinario Cuant\u00eda: Hasta (3.5) tres punto cinco veces los aportes. Plazo: M\u00e1ximo 84 meses. Amortizaci\u00f3n e Inter\u00e9s: Mensual por n\u00f3mina. 1.3% MENSUAL\u00a0 Requisitos: Solicitud, Libranza y pagar\u00e9&hellip;","_links":{"self":[{"href":"https:\/\/coopemar.co\/index.php?rest_route=\/wp\/v2\/pages\/25963","targetHints":{"allow":["GET"]}}],"collection":[{"href":"https:\/\/coopemar.co\/index.php?rest_route=\/wp\/v2\/pages"}],"about":[{"href":"https:\/\/coopemar.co\/index.php?rest_route=\/wp\/v2\/types\/page"}],"author":[{"embeddable":true,"href":"https:\/\/coopemar.co\/index.php?rest_route=\/wp\/v2\/users\/11"}],"replies":[{"embeddable":true,"href":"https:\/\/coopemar.co\/index.php?rest_route=%2Fwp%2Fv2%2Fcomments&post=25963"}],"version-history":[{"count":44,"href":"https:\/\/coopemar.co\/index.php?rest_route=\/wp\/v2\/pages\/25963\/revisions"}],"predecessor-version":[{"id":26644,"href":"https:\/\/coopemar.co\/index.php?rest_route=\/wp\/v2\/pages\/25963\/revisions\/26644"}],"wp:featuredmedia":[{"embeddable":true,"href":"https:\/\/coopemar.co\/index.php?rest_route=\/wp\/v2\/media\/26112"}],"wp:attachment":[{"href":"https:\/\/coopemar.co\/index.php?rest_route=%2Fwp%2Fv2%2Fmedia&parent=25963"}],"curies":[{"name":"wp","href":"https:\/\/api.w.org\/{rel}","templated":true}]}}